{"id":495,"date":"2021-09-13T14:58:02","date_gmt":"2021-09-13T17:58:02","guid":{"rendered":"https:\/\/aciima.com.br\/circuito\/?page_id=495"},"modified":"2021-09-16T11:24:35","modified_gmt":"2021-09-16T14:24:35","slug":"o-circuito","status":"publish","type":"page","link":"https:\/\/aciima.com.br\/circuito\/o-circuito\/","title":{"rendered":"O Circuito"},"content":{"rendered":"\t\t<div data-elementor-type=\"wp-page\" data-elementor-id=\"495\" class=\"elementor elementor-495\" data-elementor-settings=\"[]\">\n\t\t\t\t\t\t<div class=\"elementor-inner\">\n\t\t\t\t\t\t\t<div class=\"elementor-section-wrap\">\n\t\t\t\t\t\t\t<section class=\"elementor-section elementor-top-section elementor-element elementor-element-62ade9f7 elementor-section-height-min-height elementor-section-items-stretch elementor-section-boxed elementor-section-height-default\" data-id=\"62ade9f7\" data-element_type=\"section\" data-settings=\"{&quot;background_background&quot;:&quot;classic&quot;}\">\n\t\t\t\t\t\t<div class=\"elementor-container elementor-column-gap-default\">\n\t\t\t\t\t\t\t<div class=\"elementor-row\">\n\t\t\t\t\t<div class=\"elementor-column elementor-col-33 elementor-top-column elementor-element elementor-element-f36bbfd\" data-id=\"f36bbfd\" data-element_type=\"column\" data-settings=\"{&quot;background_background&quot;:&quot;classic&quot;}\">\n\t\t\t<div class=\"elementor-column-wrap elementor-element-populated\">\n\t\t\t\t\t\t\t<div class=\"elementor-widget-wrap\">\n\t\t\t\t\t\t<div class=\"elementor-element elementor-element-73b9f10 elementor-widget elementor-widget-image\" data-id=\"73b9f10\" data-element_type=\"widget\" data-widget_type=\"image.default\">\n\t\t\t\t<div class=\"elementor-widget-container\">\n\t\t\t\t\t\t\t\t<div class=\"elementor-image\">\n\t\t\t\t\t\t\t\t\t\t\t\t<img width=\"800\" height=\"728\" src=\"https:\/\/aciima.com.br\/circuito\/wp-content\/uploads\/2021\/09\/Logomarca-Circuito-de-negocios.png\" class=\"attachment-large size-large\" alt=\"\" loading=\"lazy\" srcset=\"https:\/\/aciima.com.br\/circuito\/wp-content\/uploads\/2021\/09\/Logomarca-Circuito-de-negocios.png 938w, https:\/\/aciima.com.br\/circuito\/wp-content\/uploads\/2021\/09\/Logomarca-Circuito-de-negocios-300x273.png 300w, https:\/\/aciima.com.br\/circuito\/wp-content\/uploads\/2021\/09\/Logomarca-Circuito-de-negocios-768x699.png 768w\" sizes=\"(max-width: 800px) 100vw, 800px\" \/>\t\t\t\t\t\t\t\t\t\t\t\t\t\t<\/div>\n\t\t\t\t\t\t<\/div>\n\t\t\t\t<\/div>\n\t\t\t\t\t\t<\/div>\n\t\t\t\t\t<\/div>\n\t\t<\/div>\n\t\t\t\t<div class=\"elementor-column elementor-col-33 elementor-top-column elementor-element elementor-element-47b35e6e\" data-id=\"47b35e6e\" data-element_type=\"column\">\n\t\t\t<div class=\"elementor-column-wrap\">\n\t\t\t\t\t\t\t<div class=\"elementor-widget-wrap\">\n\t\t\t\t\t\t\t\t<\/div>\n\t\t\t\t\t<\/div>\n\t\t<\/div>\n\t\t\t\t<div class=\"elementor-column elementor-col-33 elementor-top-column elementor-element elementor-element-2cccfdc7\" data-id=\"2cccfdc7\" data-element_type=\"column\">\n\t\t\t<div class=\"elementor-column-wrap elementor-element-populated\">\n\t\t\t\t\t\t\t<div class=\"elementor-widget-wrap\">\n\t\t\t\t\t\t<div class=\"elementor-element elementor-element-47630804 elementor-widget elementor-widget-spacer\" data-id=\"47630804\" data-element_type=\"widget\" data-widget_type=\"spacer.default\">\n\t\t\t\t<div class=\"elementor-widget-container\">\n\t\t\t\t\t<div class=\"elementor-spacer\">\n\t\t\t<div class=\"elementor-spacer-inner\"><\/div>\n\t\t<\/div>\n\t\t\t\t<\/div>\n\t\t\t\t<\/div>\n\t\t\t\t\t\t<\/div>\n\t\t\t\t\t<\/div>\n\t\t<\/div>\n\t\t\t\t\t\t\t\t<\/div>\n\t\t\t\t\t<\/div>\n\t\t<\/section>\n\t\t\t\t<section class=\"elementor-section elementor-top-section elementor-element elementor-element-9745080 elementor-section-boxed elementor-section-height-default elementor-section-height-default\" data-id=\"9745080\" data-element_type=\"section\">\n\t\t\t\t\t\t<div class=\"elementor-container elementor-column-gap-default\">\n\t\t\t\t\t\t\t<div class=\"elementor-row\">\n\t\t\t\t\t<div class=\"elementor-column elementor-col-100 elementor-top-column elementor-element elementor-element-676afce\" data-id=\"676afce\" data-element_type=\"column\">\n\t\t\t<div class=\"elementor-column-wrap elementor-element-populated\">\n\t\t\t\t\t\t\t<div class=\"elementor-widget-wrap\">\n\t\t\t\t\t\t<div class=\"elementor-element elementor-element-305fbe8 elementor-widget elementor-widget-spacer\" data-id=\"305fbe8\" data-element_type=\"widget\" data-widget_type=\"spacer.default\">\n\t\t\t\t<div class=\"elementor-widget-container\">\n\t\t\t\t\t<div class=\"elementor-spacer\">\n\t\t\t<div class=\"elementor-spacer-inner\"><\/div>\n\t\t<\/div>\n\t\t\t\t<\/div>\n\t\t\t\t<\/div>\n\t\t\t\t\t\t<\/div>\n\t\t\t\t\t<\/div>\n\t\t<\/div>\n\t\t\t\t\t\t\t\t<\/div>\n\t\t\t\t\t<\/div>\n\t\t<\/section>\n\t\t\t\t<section class=\"elementor-section elementor-top-section elementor-element elementor-element-023618b elementor-section-boxed elementor-section-height-default elementor-section-height-default\" data-id=\"023618b\" data-element_type=\"section\">\n\t\t\t\t\t\t<div class=\"elementor-container elementor-column-gap-default\">\n\t\t\t\t\t\t\t<div class=\"elementor-row\">\n\t\t\t\t\t<div class=\"elementor-column elementor-col-100 elementor-top-column elementor-element elementor-element-da0e7dd\" data-id=\"da0e7dd\" data-element_type=\"column\">\n\t\t\t<div class=\"elementor-column-wrap elementor-element-populated\">\n\t\t\t\t\t\t\t<div class=\"elementor-widget-wrap\">\n\t\t\t\t\t\t<div class=\"elementor-element elementor-element-f0dad3b elementor-widget elementor-widget-text-editor\" data-id=\"f0dad3b\" data-element_type=\"widget\" data-widget_type=\"text-editor.default\">\n\t\t\t\t<div class=\"elementor-widget-container\">\n\t\t\t\t\t\t\t\t<div class=\"elementor-text-editor elementor-clearfix\">\n\t\t\t\t<p><strong>Apresenta\u00e7\u00e3o<\/strong><\/p><p>Um novo evento, o sucesso de sempre.<\/p><p>Para \u201cConectar ideias, promover oportunidades&#8221;, o 1\u00ba Circuito ACII de Neg\u00f3cios traz um novo formato para os eventos comerciais.<\/p><p>Entre os dias 15 e 24 de outubro diversas empresas ir\u00e3o mostrar seus produtos e servi\u00e7os na pra\u00e7a de eventos do Imperial Shopping.<\/p><p>A visita\u00e7\u00e3o dos stands \u00e9 gratuita, respeitando todos os protocolos sanit\u00e1rios para preven\u00e7\u00e3o contra a Covid-19. Ent\u00e3o, use m\u00e1scara!<\/p><p>O evento foi organizado em tr\u00eas etapas:<\/p><p>Dias 15, 16 e 17 &#8211; Ser\u00e1 dedicado \u00e0 exposi\u00e7\u00e3o de empresas do ramo de energia solar, comprovando o fortalecimento do segmento de energia solar no pa\u00eds.<\/p><p>Dias 19 e 20 &#8211; Acontece o Circuito de Profiss\u00f5es, com exposi\u00e7\u00f5es de escolas, universidades e agentes de integra\u00e7\u00e3o de est\u00e1gio. Nesses dias os interessados ir\u00e3o conhecer e tirar d\u00favidas sobre v\u00e1rios ramos profissionais e empreendedorismo.<\/p><p>Dias 22, 23 e 24 &#8211; \u00daltimo final de semana de programa\u00e7\u00e3o ser\u00e1 dedicado \u00e0s apresenta\u00e7\u00f5es de produtos e servi\u00e7os de empresas multissetoriais, com foco nos setores de est\u00e9tica e sa\u00fade.<\/p>\t\t\t\t\t<\/div>\n\t\t\t\t\t\t<\/div>\n\t\t\t\t<\/div>\n\t\t\t\t\t\t<\/div>\n\t\t\t\t\t<\/div>\n\t\t<\/div>\n\t\t\t\t\t\t\t\t<\/div>\n\t\t\t\t\t<\/div>\n\t\t<\/section>\n\t\t\t\t\t\t<\/div>\n\t\t\t\t\t\t<\/div>\n\t\t\t\t\t<\/div>\n\t\t","protected":false},"excerpt":{"rendered":"<p>Apresenta\u00e7\u00e3o Um novo evento, o sucesso de sempre. Para \u201cConectar ideias, promover oportunidades&#8221;, o 1\u00ba Circuito ACII de Neg\u00f3cios traz um novo formato para os eventos comerciais. Entre os dias 15 e 24 de outubro diversas empresas ir\u00e3o mostrar seus produtos e servi\u00e7os na pra\u00e7a de eventos do Imperial Shopping. A visita\u00e7\u00e3o dos stands \u00e9 [&hellip;]<\/p>\n","protected":false},"author":1,"featured_media":0,"parent":0,"menu_order":0,"comment_status":"closed","ping_status":"closed","template":"","meta":[],"_links":{"self":[{"href":"https:\/\/aciima.com.br\/circuito\/wp-json\/wp\/v2\/pages\/495"}],"collection":[{"href":"https:\/\/aciima.com.br\/circuito\/wp-json\/wp\/v2\/pages"}],"about":[{"href":"https:\/\/aciima.com.br\/circuito\/wp-json\/wp\/v2\/types\/page"}],"author":[{"embeddable":true,"href":"https:\/\/aciima.com.br\/circuito\/wp-json\/wp\/v2\/users\/1"}],"replies":[{"embeddable":true,"href":"https:\/\/aciima.com.br\/circuito\/wp-json\/wp\/v2\/comments?post=495"}],"version-history":[{"count":28,"href":"https:\/\/aciima.com.br\/circuito\/wp-json\/wp\/v2\/pages\/495\/revisions"}],"predecessor-version":[{"id":783,"href":"https:\/\/aciima.com.br\/circuito\/wp-json\/wp\/v2\/pages\/495\/revisions\/783"}],"wp:attachment":[{"href":"https:\/\/aciima.com.br\/circuito\/wp-json\/wp\/v2\/media?parent=495"}],"curies":[{"name":"wp","href":"https:\/\/api.w.org\/{rel}","templated":true}]}}